{"id":11,"date":"2020-05-06T14:41:52","date_gmt":"2020-05-06T12:41:52","guid":{"rendered":"http:\/\/agencjadart2.home.pl\/koxGtJuwWauXRDSpovObihxEJKU\/akorytowska\/index.php\/strona-glowna\/"},"modified":"2021-01-20T09:35:57","modified_gmt":"2021-01-20T08:35:57","slug":"strona-glowna","status":"publish","type":"page","link":"https:\/\/korytowska.pl\/en\/","title":{"rendered":"Strona g\u0142\u00f3wna"},"content":{"rendered":"<div class=\"row\">\n<div data-aos=\"fade-in\"><img decoding=\"async\" id=\"signature\" src=\"https:\/\/korytowska.pl\/wp-content\/uploads\/2020\/06\/podpis.png\" \/><\/div>\n<div class=\"image\" data-aos=\"fade-in\"><img decoding=\"async\" src=\"https:\/\/korytowska.pl\/wp-content\/uploads\/2020\/06\/001.jpg\" \/><\/div>\n<div data-aos=\"fade-in\" data-aos-delay=\"200\">\n<p><strong>Prawdziwa wielko\u015b\u0107<br \/>\nubrana jest w prostot\u0119<\/strong><\/p>\n<p><span style=\"font-size: 15px;\">Miko\u0142aj Gogol<\/span><\/p>\n<\/div>\n<\/div>\n<div class=\"row\">\n<div><\/div>\n<div class=\"image\" data-aos=\"fade-up\"><img decoding=\"async\" src=\"https:\/\/korytowska.pl\/wp-content\/uploads\/2020\/06\/002.jpg\" \/><\/div>\n<div data-aos=\"fade-left\" data-aos-delay=\"200\">\n<p><strong>Forma jest r\u00f3wnowa\u017cna u\u017cytej materii\u2026 Autorski motyw graficzny nadaje niepowtarzalny znak ka\u017cdej rzeczy.<\/strong><\/p>\n<\/div>\n<\/div>\n<div class=\"row\">\n<div data-aos=\"fade-right\" data-aos-delay=\"200\">\n<p><strong>Wyra\u017a swoj\u0105 obecno\u015b\u0107\u2026 gdziekolwiek jeste\u015b.<\/strong><\/p>\n<\/div>\n<div class=\"image\" data-aos=\"fade-up\"><img decoding=\"async\" src=\"https:\/\/korytowska.pl\/wp-content\/uploads\/2020\/06\/003.jpg\" \/><\/div>\n<div><\/div>\n<\/div>\n<div class=\"row horizontal\">\n<div><\/div>\n<div class=\"image\" data-aos=\"fade-up\"><img decoding=\"async\" src=\"https:\/\/korytowska.pl\/wp-content\/uploads\/2020\/06\/004.jpg\" \/><\/div>\n<div><\/div>\n<\/div>\n<div class=\"row horizontal\">\n<div><\/div>\n<div class=\"image\" data-aos=\"fade-up\"><img decoding=\"async\" src=\"https:\/\/korytowska.pl\/wp-content\/uploads\/2020\/06\/005.jpg\" \/><\/div>\n<div><\/div>\n<\/div>\n<div class=\"row\">\n<div><\/div>\n<div class=\"image\" data-aos=\"fade-up\"><img decoding=\"async\" src=\"https:\/\/korytowska.pl\/wp-content\/uploads\/2020\/06\/006.jpg\" \/><\/div>\n<div data-aos=\"fade-left\" data-aos-delay=\"200\">\n<p><strong>w zgodzie z natur\u0105 \u2013 jedwab, len, konopie, we\u0142na\u2026 wytworna surowo\u015b\u0107 <\/strong><\/p>\n<\/div>\n<\/div>\n<div class=\"row\">\n<div><\/div>\n<div class=\"image\" data-aos=\"fade-up\"><img decoding=\"async\" src=\"https:\/\/korytowska.pl\/wp-content\/uploads\/2020\/06\/007.jpg\" \/><\/div>\n<div><\/div>\n<\/div>\n<div class=\"row\">\n<div data-aos=\"fade-right\" data-aos-delay=\"200\">\n<p><strong>w \u015bwiecie powi\u0105za\u0144 i wyobra\u017ani\u2026<\/strong><\/p>\n<\/div>\n<div class=\"image\" data-aos=\"fade-up\"><img decoding=\"async\" src=\"https:\/\/korytowska.pl\/wp-content\/uploads\/2020\/06\/008.jpg\" \/><\/div>\n<div><\/div>\n<\/div>\n<div class=\"row\">\n<div><\/div>\n<div class=\"image\" data-aos=\"fade-up\"><img decoding=\"async\" src=\"https:\/\/korytowska.pl\/wp-content\/uploads\/2020\/06\/009.jpg\" \/><\/div>\n<div data-aos=\"fade-left\" data-aos-delay=\"200\">\n<p><strong>Biel i czer\u0144 nigdy nie przemin\u0105, s\u0105 absolutnie pi\u0119kne.<\/strong><\/p>\n<\/div>\n<\/div>\n<div class=\"row\">\n<div><\/div>\n<div class=\"image\" data-aos=\"fade-up\"><img decoding=\"async\" src=\"https:\/\/korytowska.pl\/wp-content\/uploads\/2020\/06\/010.jpg\" \/><\/div>\n<div><\/div>\n<\/div>\n<div class=\"row\">\n<div><\/div>\n<div class=\"image\" data-aos=\"fade-up\"><img decoding=\"async\" src=\"https:\/\/korytowska.pl\/wp-content\/uploads\/2020\/06\/011.jpg\" \/><\/div>\n<div><\/div>\n<\/div>\n<div class=\"row\">\n<div data-aos=\"fade-right\" data-aos-delay=\"200\">\n<p><strong>strumie\u0144 energii \u017cyciowej \u2013 wolno\u015b\u0107!<\/strong><\/p>\n<\/div>\n<div class=\"image\" data-aos=\"fade-up\"><img decoding=\"async\" src=\"https:\/\/korytowska.pl\/wp-content\/uploads\/2020\/06\/012.jpg\" \/><\/div>\n<div><\/div>\n<\/div>\n<div class=\"row\">\n<div><\/div>\n<div class=\"image\" data-aos=\"fade-up\"><img decoding=\"async\" src=\"https:\/\/korytowska.pl\/wp-content\/uploads\/2020\/06\/013.jpg\" \/><\/div>\n<div><\/div>\n<\/div>\n<div class=\"row\">\n<div><\/div>\n<div class=\"image\" data-aos=\"fade-up\"><img decoding=\"async\" src=\"https:\/\/korytowska.pl\/wp-content\/uploads\/2020\/06\/014.jpg\" \/><\/div>\n<div><\/div>\n<\/div>\n<div class=\"row\">\n<div><\/div>\n<div class=\"image\" data-aos=\"fade-up\"><img decoding=\"async\" src=\"https:\/\/korytowska.pl\/wp-content\/uploads\/2020\/06\/015.jpg\" \/><\/div>\n<div><\/div>\n<\/div>\n","protected":false},"excerpt":{"rendered":"<p>Prawdziwa wielko\u015b\u0107 ubrana jest w prostot\u0119 Miko\u0142aj Gogol Forma jest r\u00f3wnowa\u017cna u\u017cytej materii\u2026 Autorski motyw graficzny nadaje niepowtarzalny znak ka\u017cdej rzeczy. Wyra\u017a swoj\u0105 obecno\u015b\u0107\u2026 gdziekolwiek jeste\u015b. w zgodzie z natur\u0105 \u2013 jedwab, len, konopie, we\u0142na\u2026 wytworna surowo\u015b\u0107 w \u015bwiecie powi\u0105za\u0144 i wyobra\u017ani\u2026 Biel i czer\u0144 nigdy nie przemin\u0105, s\u0105 absolutnie pi\u0119kne. strumie\u0144 energii \u017cyciowej \u2013 [&hellip;]<\/p>\n","protected":false},"author":10,"featured_media":0,"parent":0,"menu_order":0,"comment_status":"closed","ping_status":"closed","template":"","meta":[],"_links":{"self":[{"href":"https:\/\/korytowska.pl\/en\/wp-json\/wp\/v2\/pages\/11"}],"collection":[{"href":"https:\/\/korytowska.pl\/en\/wp-json\/wp\/v2\/pages"}],"about":[{"href":"https:\/\/korytowska.pl\/en\/wp-json\/wp\/v2\/types\/page"}],"author":[{"embeddable":true,"href":"https:\/\/korytowska.pl\/en\/wp-json\/wp\/v2\/users\/10"}],"replies":[{"embeddable":true,"href":"https:\/\/korytowska.pl\/en\/wp-json\/wp\/v2\/comments?post=11"}],"version-history":[{"count":9,"href":"https:\/\/korytowska.pl\/en\/wp-json\/wp\/v2\/pages\/11\/revisions"}],"predecessor-version":[{"id":1573,"href":"https:\/\/korytowska.pl\/en\/wp-json\/wp\/v2\/pages\/11\/revisions\/1573"}],"wp:attachment":[{"href":"https:\/\/korytowska.pl\/en\/wp-json\/wp\/v2\/media?parent=11"}],"curies":[{"name":"wp","href":"https:\/\/api.w.org\/{rel}","templated":true}]}}